{"id":37500,"date":"2025-02-02T17:37:16","date_gmt":"2025-02-02T17:37:16","guid":{"rendered":"https:\/\/aso-labor.de\/imprint\/"},"modified":"2026-01-27T11:56:17","modified_gmt":"2026-01-27T11:56:17","slug":"imprint","status":"publish","type":"page","link":"https:\/\/aso-labor.de\/en\/imprint\/","title":{"rendered":"Imprint"},"content":{"rendered":"\t\t<div data-elementor-type=\"wp-page\" data-elementor-id=\"37500\" class=\"elementor elementor-37500 elementor-32610\" data-elementor-post-type=\"page\">\n\t\t\t\t<div class=\"elementor-element elementor-element-fbb847b e-con-full e-flex cmsmasters-block-default e-con e-parent\" data-id=\"fbb847b\" data-element_type=\"container\" data-e-type=\"container\" data-settings=\"{&quot;background_background&quot;:&quot;gradient&quot;}\">\n\t\t\t\t<\/div>\n\t\t<div class=\"elementor-element elementor-element-991bb19 e-flex e-con-boxed cmsmasters-block-default e-con e-parent\" data-id=\"991bb19\" data-element_type=\"container\" data-e-type=\"container\">\n\t\t\t\t\t<div class=\"e-con-inner\">\n\t\t<div class=\"elementor-element elementor-element-335f81e e-con-full e-flex cmsmasters-block-default e-con e-child\" data-id=\"335f81e\" data-element_type=\"container\" data-e-type=\"container\" data-settings=\"{&quot;background_background&quot;:&quot;classic&quot;}\">\n\t\t\t\t<div class=\"elementor-element elementor-element-7b027a2 cmsmasters-block-default cmsmasters-sticky-default elementor-widget elementor-widget-heading\" data-id=\"7b027a2\" data-element_type=\"widget\" data-e-type=\"widget\" data-widget_type=\"heading.default\">\n\t\t\t\t\t<h1 class=\"elementor-heading-title elementor-size-default\">Imprint<\/h1>\t\t\t\t<\/div>\n\t\t\t\t<div class=\"elementor-element elementor-element-45ca25a cmsmasters-block-default cmsmasters-sticky-default elementor-widget elementor-widget-heading\" data-id=\"45ca25a\" data-element_type=\"widget\" data-e-type=\"widget\" data-widget_type=\"heading.default\">\n\t\t\t\t\t<h2 class=\"elementor-heading-title elementor-size-default\">General Information<\/h2>\t\t\t\t<\/div>\n\t\t\t\t<div class=\"elementor-element elementor-element-d615333 cmsmasters-block-default cmsmasters-sticky-default elementor-widget elementor-widget-text-editor\" data-id=\"d615333\" data-element_type=\"widget\" data-e-type=\"widget\" data-widget_type=\"text-editor.default\">\n\t\t\t\t\t\t\t\t\t<section><h5>Analytik Service Obernburg<\/h5><p>Industrie Center Obernburg<br>63784 Obernburg<\/p><h5>Delivery Address<\/h5><p>Glanzstoffplatz 1<br>63906 Erlenbach<\/p><h5>Contact<\/h5><p>Phone: <a href=\"tel:+496022812668\">+49 6022 81-2668<\/a><br>Email: <a href=\"mailto:info@aso-labor.de\">info@aso-labor.de<\/a><\/p><h5>Management<\/h5><p>Marcello Nicoloso<br>Dr. Bernd Kosper<\/p><h5>Registered Office<\/h5><p>Obernburg<\/p><h5>Registry Court<\/h5><p>Aschaffenburg HRB 14087<\/p><h5>VAT Identification Number<\/h5><p>DE 815 680 862<\/p><p><a href=\"https:\/\/aso-labor.de\/en\/privacy-policy\/\">Privacy Policy<\/a> | <a href=\"https:\/\/aso-labor.de\/agb\/\">Terms and Conditions<\/a> | <a href=\"https:\/\/aso-labor.de\/en\/aeb-2\/\">General Terms of Purchase<\/a> | <a href=\"https:\/\/aso-labor.de\/en\/kundenfeedback\/\">Customer Feedback<\/a><\/p><\/section><h5>Realization and Design<\/h5><p>GOLDENWING Creative Studios e.U<br>Czeikestrasse 4,<br>1100 Vienna<\/p><p>Phone: <a href=\"tel:+436645439681\">+43 664 543 9681<\/a><br>Email: <a href=\"mailto:office@goldenwing.at\">office@goldenwing.at<\/a><br>Web: <a href=\"https:\/\/goldenwing.at\">goldenwing.at<\/a><\/p>\t\t\t\t\t\t\t\t<\/div>\n\t\t\t\t<div class=\"elementor-element elementor-element-de07d17 cmsmasters-block-default cmsmasters-sticky-default elementor-widget elementor-widget-heading\" data-id=\"de07d17\" data-element_type=\"widget\" data-e-type=\"widget\" data-widget_type=\"heading.default\">\n\t\t\t\t\t<h3 class=\"elementor-heading-title elementor-size-default\">Disclaimer \u2013 Legal Notices<\/h3>\t\t\t\t<\/div>\n\t\t\t\t<div class=\"elementor-element elementor-element-41341de cmsmasters-block-default cmsmasters-sticky-default elementor-widget elementor-widget-text-editor\" data-id=\"41341de\" data-element_type=\"widget\" data-e-type=\"widget\" data-widget_type=\"text-editor.default\">\n\t\t\t\t\t\t\t\t\t<h4>1. Trademarks<\/h4><p>Unless otherwise stated, all trademarks on the websites of Analytik Service Obernburg GmbH are protected by trademark law. The use of these brands, logos, or identifiers is prohibited without express consent. <\/p><h4>2. Copyright<\/h4><p>Analytik Service Obernburg GmbH holds the \u00a9 for all content on this website. Any alteration, copying, or integration into other works is not permitted. Permitted are:  <\/p><ul><li>Printing or downloading for non-commercial, personal purposes.<\/li><li>The distribution of material with attribution of the source and in compliance with the terms of use.<\/li><\/ul><h4>3. Disclaimer &amp; Limitation of Liability<\/h4><p>Analytik Service Obernburg GmbH does not guarantee the completeness or accuracy of the information provided. Changes are subject to alteration at any time. Any liability for damages arising from the use of the website is excluded, unless there is demonstrable intentional or grossly negligent fault.  <\/p><h4>4. Links to Third-Party Websites<\/h4><p>Our website may contain links to external websites over whose content we have no influence. Analytik Service Obernburg GmbH assumes no responsibility for the content of these linked pages and expressly distances itself from any subsequent changes. <\/p><h4>5. General<\/h4><p>The information provided on this website may be incomplete or outdated. It is recommended to verify all relevant details directly with Analytik Service Obernburg GmbH before taking any action. <\/p>\t\t\t\t\t\t\t\t<\/div>\n\t\t\t\t<\/div>\n\t\t\t\t\t<\/div>\n\t\t\t\t<\/div>\n\t\t\t\t<\/div>\n\t\t","protected":false},"excerpt":{"rendered":"<p>Imprint General Information Analytik Service Obernburg Industrie Center Obernburg63784 Obernburg Delivery Address Glanzstoffplatz 163906 Erlenbach Contact Phone: +49 6022 81-2668Email: info@aso-labor.de Management Marcello NicolosoDr. Bernd Kosper Registered Office Obernburg Registry Court Aschaffenburg HRB 14087 VAT Identification Number DE 815 680 862 Privacy Policy | Terms and Conditions | General Terms of Purchase | Customer Feedback&#8230;<\/p>\n","protected":false},"author":1,"featured_media":37150,"parent":0,"menu_order":0,"comment_status":"closed","ping_status":"closed","template":"","meta":{"_seowing_meta_title":"Imprint | ASO Analytik Service Obernburg GmbH","_seowing_meta_description":"Impressum der ASO Labor GmbH \u2013 Ihr akkreditiertes Pr\u00fcflabor f\u00fcr Materialpr\u00fcfung und Werkstoffanalyse. Kontaktdaten und rechtliche Informationen.","_seowing_focus_keyword":"Imprint","_seowing_canonical_url":"","_seowing_robots":"","_seowing_robots_noindex":false,"_seowing_robots_nofollow":false,"_seowing_seo_score":40,"_expert_id":0,"footnotes":""},"class_list":["post-37500","page","type-page","status-publish","has-post-thumbnail","hentry"],"_links":{"self":[{"href":"https:\/\/aso-labor.de\/en\/wp-json\/wp\/v2\/pages\/37500","targetHints":{"allow":["GET"]}}],"collection":[{"href":"https:\/\/aso-labor.de\/en\/wp-json\/wp\/v2\/pages"}],"about":[{"href":"https:\/\/aso-labor.de\/en\/wp-json\/wp\/v2\/types\/page"}],"author":[{"embeddable":true,"href":"https:\/\/aso-labor.de\/en\/wp-json\/wp\/v2\/users\/1"}],"replies":[{"embeddable":true,"href":"https:\/\/aso-labor.de\/en\/wp-json\/wp\/v2\/comments?post=37500"}],"version-history":[{"count":3,"href":"https:\/\/aso-labor.de\/en\/wp-json\/wp\/v2\/pages\/37500\/revisions"}],"predecessor-version":[{"id":38237,"href":"https:\/\/aso-labor.de\/en\/wp-json\/wp\/v2\/pages\/37500\/revisions\/38237"}],"wp:featuredmedia":[{"embeddable":true,"href":"https:\/\/aso-labor.de\/en\/wp-json\/wp\/v2\/media\/37150"}],"wp:attachment":[{"href":"https:\/\/aso-labor.de\/en\/wp-json\/wp\/v2\/media?parent=37500"}],"curies":[{"name":"wp","href":"https:\/\/api.w.org\/{rel}","templated":true}]}}