{"id":37099,"date":"2025-05-12T12:15:33","date_gmt":"2025-05-12T12:15:33","guid":{"rendered":"https:\/\/aso-labor.de\/customer-feedback\/"},"modified":"2026-01-28T00:14:50","modified_gmt":"2026-01-28T00:14:50","slug":"customer-feedback","status":"publish","type":"page","link":"https:\/\/aso-labor.de\/en\/customer-feedback\/","title":{"rendered":"Customer Feedback"},"content":{"rendered":"\t\t<div data-elementor-type=\"wp-page\" data-elementor-id=\"37099\" class=\"elementor elementor-37099 elementor-36168\" data-elementor-post-type=\"page\">\n\t\t\t\t<div class=\"elementor-element elementor-element-561fcd5 e-con-full e-flex cmsmasters-block-default e-con e-parent\" data-id=\"561fcd5\" data-element_type=\"container\" data-e-type=\"container\" data-settings=\"{&quot;background_background&quot;:&quot;gradient&quot;}\">\n\t\t\t\t<\/div>\n\t\t<section class=\"elementor-element elementor-element-22e4066 e-flex e-con-boxed cmsmasters-block-default e-con e-child\" data-id=\"22e4066\" data-element_type=\"container\" data-e-type=\"container\">\n\t\t\t\t\t<div class=\"e-con-inner\">\n\t\t<section class=\"elementor-element elementor-element-b18e966 e-con-full e-flex cmsmasters-block-default e-con e-child\" data-id=\"b18e966\" data-element_type=\"container\" data-e-type=\"container\">\n\t\t\t\t<div class=\"elementor-element elementor-element-7517262 elementor-widget__width-initial cmsmasters-block-default cmsmasters-sticky-default elementor-widget elementor-widget-heading\" data-id=\"7517262\" data-element_type=\"widget\" data-e-type=\"widget\" data-widget_type=\"heading.default\">\n\t\t\t\t\t<h1 class=\"elementor-heading-title elementor-size-default\">Customer Feedback<\/h1>\t\t\t\t<\/div>\n\t\t\t\t<div class=\"elementor-element elementor-element-5f88481 cmsmasters-block-default cmsmasters-sticky-default elementor-widget elementor-widget-heading\" data-id=\"5f88481\" data-element_type=\"widget\" data-e-type=\"widget\" data-widget_type=\"heading.default\">\n\t\t\t\t\t<h2 class=\"elementor-heading-title elementor-size-default\">Your opinion counts: Help us to improve!<\/h2>\t\t\t\t<\/div>\n\t\t\t\t<\/section>\n\t\t\t\t\t<\/div>\n\t\t\t\t<\/section>\n\t\t<div class=\"elementor-element elementor-element-2e84ba4 e-flex e-con-boxed cmsmasters-block-default e-con e-parent\" data-id=\"2e84ba4\" data-element_type=\"container\" data-e-type=\"container\">\n\t\t\t\t\t<div class=\"e-con-inner\">\n\t\t\t\t<div class=\"elementor-element elementor-element-e835812 cmsmasters-block-default cmsmasters-sticky-default elementor-widget elementor-widget-wpforms\" data-id=\"e835812\" data-element_type=\"widget\" data-e-type=\"widget\" data-widget_type=\"wpforms.default\">\n\t\t\t\t<div class=\"elementor-widget-container\">\n\t\t\t\t\t<style id=\"wpforms-css-vars-elementor-widget-e835812\">\n\t\t\t\t.elementor-widget-wpforms.elementor-element-e835812 {\n\t\t\t\t--wpforms-button-background-color: #A7C1C0;\n\n\t\t\t}\n\t\t\t<\/style><div class=\"wpforms-container wpforms-container-full wpforms-render-modern\" id=\"wpforms-36162\"><form id=\"wpforms-form-36162\" class=\"wpforms-validate wpforms-form wpforms-ajax-form\" data-formid=\"36162\" method=\"post\" enctype=\"multipart\/form-data\" action=\"\/en\/wp-json\/wp\/v2\/pages\/37099\" data-token=\"db3b2685e01b235449680abf9de9fa00\" data-token-time=\"1775392559\"><noscript class=\"wpforms-error-noscript\">Please enable JavaScript in your browser to complete this form.<\/noscript><div class=\"wpforms-hidden\" id=\"wpforms-error-noscript\">Please enable JavaScript in your browser to complete this form.<\/div><div class=\"wpforms-field-container\"><div id=\"wpforms-36162-field_2-container\" class=\"wpforms-field wpforms-field-text\" data-field-id=\"2\"><label class=\"wpforms-field-label\" for=\"wpforms-36162-field_2\">Firmenbezeichnung \/ Name des Kunden: <span class=\"wpforms-required-label\" aria-hidden=\"true\">*<\/span><\/label><input type=\"text\" id=\"wpforms-36162-field_2\" class=\"wpforms-field-large wpforms-field-required\" name=\"wpforms[fields][2]\" aria-errormessage=\"wpforms-36162-field_2-error\" required><\/div><div id=\"wpforms-36162-field_10-container\" class=\"wpforms-field wpforms-field-layout\" data-field-id=\"10\"><div class=\"wpforms-field-layout-rows wpforms-field-large\"><div class=\"wpforms-layout-row\"><div class=\"wpforms-layout-column wpforms-layout-column-50\"><div id=\"wpforms-36162-field_9-container\" class=\"wpforms-field wpforms-field-date-time\" data-field-id=\"9\"><label class=\"wpforms-field-label\" for=\"wpforms-36162-field_9\">Datum <span class=\"wpforms-required-label\" aria-hidden=\"true\">*<\/span><\/label><div class=\"wpforms-datepicker-wrap\"><input type=\"text\" id=\"wpforms-36162-field_9\" class=\"wpforms-field-date-time-date wpforms-datepicker wpforms-field-required wpforms-field-medium\" data-date-format=\"d\/m\/Y\" data-limit-days=\"mon,tue,wed,thu,fri\" data-disable-past-dates=\"0\" data-input=\"true\" name=\"wpforms[fields][9][date]\" aria-errormessage=\"wpforms-36162-field_9-error\" required><a title=\"Clear Date\" data-clear class=\"wpforms-datepicker-clear\" style=\"display:none;\"><\/a><\/div><\/div><\/div><div class=\"wpforms-layout-column wpforms-layout-column-50\"><div id=\"wpforms-36162-field_7-container\" class=\"wpforms-field wpforms-field-text\" data-field-id=\"7\"><label class=\"wpforms-field-label\" for=\"wpforms-36162-field_7\">Art des Auftrags <span class=\"wpforms-required-label\" aria-hidden=\"true\">*<\/span><\/label><input type=\"text\" id=\"wpforms-36162-field_7\" class=\"wpforms-field-large wpforms-field-required\" name=\"wpforms[fields][7]\" placeholder=\"(z.B. Wasser, Lebensmittel o.\u00e4.)\" aria-errormessage=\"wpforms-36162-field_7-error\" required><\/div><\/div><\/div><\/div><\/div><div id=\"wpforms-36162-field_25-container\" class=\"wpforms-field wpforms-field-number-slider\" data-field-id=\"25\"><label class=\"wpforms-field-label\" for=\"wpforms-36162-field_25\">Ist das Leistungsangebot ausreichend?<\/label>\n<input\n\ttype=\"range\"\n\tid=\"wpforms-36162-field_25\" class=\"wpforms-field-large\" name=\"wpforms[fields][25]\" value=\"0\" aria-errormessage=\"wpforms-36162-field_25-error\" aria-describedby=\"wpforms-36162-field_25-description\"\t\tmin=\"0\"\n\tmax=\"10\"\n\tstep=\"1\">\n\n<div class=\"wpforms-field-number-slider-hint\"\n\tdata-hint=\"Ausgew\u00e4hlter Wert: {value}\">\n\tAusgew\u00e4hlter Wert: <b>0<\/b><\/div>\n<div id=\"wpforms-36162-field_25-description\" class=\"wpforms-field-description\">W\u00e4hlen Sie 1 f\u00fcr \u2018unzufrieden\u2019 bis 10 f\u00fcr \u2018sehr zufrieden\u2019<\/div><\/div><div id=\"wpforms-36162-field_26-container\" class=\"wpforms-field wpforms-field-number-slider\" data-field-id=\"26\"><label class=\"wpforms-field-label\" for=\"wpforms-36162-field_26\">Wie zufrieden sind Sie mit der Beratung?<\/label>\n<input\n\ttype=\"range\"\n\tid=\"wpforms-36162-field_26\" class=\"wpforms-field-large\" name=\"wpforms[fields][26]\" value=\"0\" aria-errormessage=\"wpforms-36162-field_26-error\" aria-describedby=\"wpforms-36162-field_26-description\"\t\tmin=\"0\"\n\tmax=\"10\"\n\tstep=\"1\">\n\n<div class=\"wpforms-field-number-slider-hint\"\n\tdata-hint=\"Ausgew\u00e4hlter Wert: {value}\">\n\tAusgew\u00e4hlter Wert: <b>0<\/b><\/div>\n<div id=\"wpforms-36162-field_26-description\" class=\"wpforms-field-description\">W\u00e4hlen Sie 1 f\u00fcr \u2018unzufrieden\u2019 bis 10 f\u00fcr \u2018sehr zufrieden\u2019.<\/div><\/div><div id=\"wpforms-36162-field_27-container\" class=\"wpforms-field wpforms-field-number-slider\" data-field-id=\"27\"><label class=\"wpforms-field-label\" for=\"wpforms-36162-field_27\">Wie zufrieden sind Sie mit den Pr\u00fcfleistungen?<\/label>\n<input\n\ttype=\"range\"\n\tid=\"wpforms-36162-field_27\" class=\"wpforms-field-large\" name=\"wpforms[fields][27]\" value=\"0\" aria-errormessage=\"wpforms-36162-field_27-error\" aria-describedby=\"wpforms-36162-field_27-description\"\t\tmin=\"0\"\n\tmax=\"10\"\n\tstep=\"1\">\n\n<div class=\"wpforms-field-number-slider-hint\"\n\tdata-hint=\"Ausgew\u00e4hlter Wert: {value}\">\n\tAusgew\u00e4hlter Wert: <b>0<\/b><\/div>\n<div id=\"wpforms-36162-field_27-description\" class=\"wpforms-field-description\">W\u00e4hlen Sie 1 f\u00fcr \u2018unzufrieden\u2019 bis 10 f\u00fcr \u2018sehr zufrieden\u2019.<\/div><\/div><div id=\"wpforms-36162-field_28-container\" class=\"wpforms-field wpforms-field-number-slider\" data-field-id=\"28\"><label class=\"wpforms-field-label\" for=\"wpforms-36162-field_28\">Wie zufrieden sind Sie mit den Pr\u00fcfzeiten?<\/label>\n<input\n\ttype=\"range\"\n\tid=\"wpforms-36162-field_28\" class=\"wpforms-field-large\" name=\"wpforms[fields][28]\" value=\"0\" aria-errormessage=\"wpforms-36162-field_28-error\" aria-describedby=\"wpforms-36162-field_28-description\"\t\tmin=\"0\"\n\tmax=\"10\"\n\tstep=\"1\">\n\n<div class=\"wpforms-field-number-slider-hint\"\n\tdata-hint=\"Ausgew\u00e4hlter Wert: {value}\">\n\tAusgew\u00e4hlter Wert: <b>0<\/b><\/div>\n<div id=\"wpforms-36162-field_28-description\" class=\"wpforms-field-description\">W\u00e4hlen Sie 1 f\u00fcr \u2018unzufrieden\u2019 bis 10 f\u00fcr \u2018sehr zufrieden\u2019.<\/div><\/div><div id=\"wpforms-36162-field_29-container\" class=\"wpforms-field wpforms-field-number-slider\" data-field-id=\"29\"><label class=\"wpforms-field-label\" for=\"wpforms-36162-field_29\">Wie zufrieden sind Sie mit den Pr\u00fcfberichten?<\/label>\n<input\n\ttype=\"range\"\n\tid=\"wpforms-36162-field_29\" class=\"wpforms-field-large\" name=\"wpforms[fields][29]\" value=\"0\" aria-errormessage=\"wpforms-36162-field_29-error\" aria-describedby=\"wpforms-36162-field_29-description\"\t\tmin=\"0\"\n\tmax=\"10\"\n\tstep=\"1\">\n\n<div class=\"wpforms-field-number-slider-hint\"\n\tdata-hint=\"Ausgew\u00e4hlter Wert: {value}\">\n\tAusgew\u00e4hlter Wert: <b>0<\/b><\/div>\n<div id=\"wpforms-36162-field_29-description\" class=\"wpforms-field-description\">W\u00e4hlen Sie 1 f\u00fcr \u2018unzufrieden\u2019 bis 10 f\u00fcr \u2018sehr zufrieden\u2019.<\/div><\/div><div id=\"wpforms-36162-field_30-container\" class=\"wpforms-field wpforms-field-number-slider\" data-field-id=\"30\"><label class=\"wpforms-field-label\" for=\"wpforms-36162-field_30\">Falls Sie schon einmal Grund f\u00fcr Reklamationen hatten: reagiert das Labor angemessen darauf?<\/label>\n<input\n\ttype=\"range\"\n\tid=\"wpforms-36162-field_30\" class=\"wpforms-field-large\" name=\"wpforms[fields][30]\" value=\"0\" aria-errormessage=\"wpforms-36162-field_30-error\" aria-describedby=\"wpforms-36162-field_30-description\"\t\tmin=\"0\"\n\tmax=\"10\"\n\tstep=\"1\">\n\n<div class=\"wpforms-field-number-slider-hint\"\n\tdata-hint=\"Ausgew\u00e4hlter Wert: {value}\">\n\tAusgew\u00e4hlter Wert: <b>0<\/b><\/div>\n<div id=\"wpforms-36162-field_30-description\" class=\"wpforms-field-description\">W\u00e4hlen Sie 1 f\u00fcr \u2018unzufrieden\u2019 bis 10 f\u00fcr \u2018sehr zufrieden\u2019.<\/div><\/div><div id=\"wpforms-36162-field_32-container\" class=\"wpforms-field wpforms-field-number-slider\" data-field-id=\"32\"><label class=\"wpforms-field-label\" for=\"wpforms-36162-field_32\">Wie zufrieden sind Sie mit dem Preis-\/Leistungsverh\u00e4ltnis?<\/label>\n<input\n\ttype=\"range\"\n\tid=\"wpforms-36162-field_32\" class=\"wpforms-field-large\" name=\"wpforms[fields][32]\" value=\"0\" aria-errormessage=\"wpforms-36162-field_32-error\" aria-describedby=\"wpforms-36162-field_32-description\"\t\tmin=\"0\"\n\tmax=\"10\"\n\tstep=\"1\">\n\n<div class=\"wpforms-field-number-slider-hint\"\n\tdata-hint=\"Ausgew\u00e4hlter Wert: {value}\">\n\tAusgew\u00e4hlter Wert: <b>0<\/b><\/div>\n<div id=\"wpforms-36162-field_32-description\" class=\"wpforms-field-description\">W\u00e4hlen Sie 1 f\u00fcr \u2018unzufrieden\u2019 bis 10 f\u00fcr \u2018sehr zufrieden\u2019.<\/div><\/div><div id=\"wpforms-36162-field_5-container\" class=\"wpforms-field wpforms-field-radio\" data-field-id=\"5\"><fieldset><legend class=\"wpforms-field-label\">Wu\u0308rden Sie unser Labor weiterempfehlen? <span class=\"wpforms-required-label\" aria-hidden=\"true\">*<\/span><\/legend><ul id=\"wpforms-36162-field_5\" class=\"wpforms-field-required\"><li class=\"choice-1 depth-1\"><input type=\"radio\" id=\"wpforms-36162-field_5_1\" name=\"wpforms[fields][5]\" value=\"Ja\" aria-errormessage=\"wpforms-36162-field_5_1-error\" required ><label class=\"wpforms-field-label-inline\" for=\"wpforms-36162-field_5_1\">Ja<\/label><\/li><li class=\"choice-2 depth-1\"><input type=\"radio\" id=\"wpforms-36162-field_5_2\" name=\"wpforms[fields][5]\" value=\"Nein\" aria-errormessage=\"wpforms-36162-field_5_2-error\" required ><label class=\"wpforms-field-label-inline\" for=\"wpforms-36162-field_5_2\">Nein<\/label><\/li><\/ul><\/fieldset><\/div>\t\t<div id=\"wpforms-36162-field_1-container\"\n\t\t\tclass=\"wpforms-field wpforms-field-text\"\n\t\t\tdata-field-type=\"text\"\n\t\t\tdata-field-id=\"1\"\n\t\t\t>\n\t\t\t<label class=\"wpforms-field-label\" for=\"wpforms-36162-field_1\" >Auftrags Kunden: Sie<\/label>\n\t\t\t<input type=\"text\" id=\"wpforms-36162-field_1\" class=\"wpforms-field-medium\" name=\"wpforms[fields][1]\" >\n\t\t<\/div>\n\t\t<div id=\"wpforms-36162-field_8-container\" class=\"wpforms-field wpforms-field-textarea\" data-field-id=\"8\"><label class=\"wpforms-field-label\" for=\"wpforms-36162-field_8\">Zus\u00e4tzliche Vorschl\u00e4ge zur Verbesserung<\/label><textarea id=\"wpforms-36162-field_8\" class=\"wpforms-field-small\" name=\"wpforms[fields][8]\" aria-errormessage=\"wpforms-36162-field_8-error\" ><\/textarea><\/div><script>\n\t\t\t\t( function() {\n\t\t\t\t\tconst style = document.createElement( 'style' );\n\t\t\t\t\tstyle.appendChild( document.createTextNode( '#wpforms-36162-field_1-container { position: absolute !important; overflow: hidden !important; display: inline !important; height: 1px !important; width: 1px !important; z-index: -1000 !important; padding: 0 !important; } #wpforms-36162-field_1-container input { visibility: hidden; } #wpforms-conversational-form-page #wpforms-36162-field_1-container label { counter-increment: none; }' ) );\n\t\t\t\t\tdocument.head.appendChild( style );\n\t\t\t\t\tdocument.currentScript?.remove();\n\t\t\t\t} )();\n\t\t\t<\/script><\/div><!-- .wpforms-field-container --><div class=\"wpforms-submit-container\" ><input type=\"hidden\" name=\"wpforms[id]\" value=\"36162\"><input type=\"hidden\" name=\"page_title\" value=\"\"><input type=\"hidden\" name=\"page_url\" value=\"https:\/\/aso-labor.de\/en\/wp-json\/wp\/v2\/pages\/37099\"><input type=\"hidden\" name=\"url_referer\" value=\"\"><button type=\"submit\" name=\"wpforms[submit]\" id=\"wpforms-submit-36162\" class=\"wpforms-submit\" data-alt-text=\"Wird gesendet...\" data-submit-text=\"Senden\" aria-live=\"assertive\" value=\"wpforms-submit\">Senden<\/button><img loading=\"lazy\" decoding=\"async\" src=\"https:\/\/aso-labor.de\/wp-content\/plugins\/wpforms\/assets\/images\/submit-spin.svg\" class=\"wpforms-submit-spinner\" style=\"display: none;\" width=\"26\" height=\"26\" alt=\"Loading\"><\/div><\/form><\/div>  <!-- .wpforms-container -->\t\t\t\t<\/div>\n\t\t\t\t<\/div>\n\t\t\t\t\t<\/div>\n\t\t\t\t<\/div>\n\t\t<div class=\"elementor-element elementor-element-c06920f e-flex e-con-boxed cmsmasters-block-default e-con e-parent\" data-id=\"c06920f\" data-element_type=\"container\" data-e-type=\"container\">\n\t\t\t\t\t<div class=\"e-con-inner\">\n\t\t\t\t<div class=\"elementor-element elementor-element-e9f69ef cmsmasters-block-default cmsmasters-sticky-default elementor-widget elementor-widget-spacer\" data-id=\"e9f69ef\" data-element_type=\"widget\" data-e-type=\"widget\" data-widget_type=\"spacer.default\">\n\t\t\t\t\t\t\t<div class=\"elementor-spacer\">\n\t\t\t<div class=\"elementor-spacer-inner\"><\/div>\n\t\t<\/div>\n\t\t\t\t\t\t<\/div>\n\t\t\t\t\t<\/div>\n\t\t\t\t<\/div>\n\t\t\t\t<\/div>\n\t\t","protected":false},"excerpt":{"rendered":"<p>Customer Feedback Your opinion counts: Help us to improve! Bitte aktiviere JavaScript in deinem Browser, um dieses Formular fertigzustellen.Bitte aktiviere JavaScript in deinem Browser, um dieses Formular fertigzustellen.Firmenbezeichnung \/ Name des Kunden: *Datum *Art des Auftrags *Ist das Leistungsangebot ausreichend? Ausgew\u00e4hlter Wert: 0 W\u00e4hlen Sie 1 f\u00fcr \u2018unzufrieden\u2019 bis 10 f\u00fcr \u2018sehr zufrieden\u2019Wie zufrieden sind&#8230;<\/p>\n","protected":false},"author":1,"featured_media":37071,"parent":0,"menu_order":0,"comment_status":"closed","ping_status":"closed","template":"","meta":{"_seowing_meta_title":"Customer Feedback | References | ASO Lab","_seowing_meta_description":"Customer feedback and reviews of our material testing services. Discover what our clients say about working with ASO Labor for quality assurance.","_seowing_focus_keyword":"Customer Feedback","_seowing_canonical_url":"","_seowing_robots":"","_seowing_robots_noindex":false,"_seowing_robots_nofollow":false,"_seowing_seo_score":58,"_expert_id":0,"footnotes":""},"class_list":["post-37099","page","type-page","status-publish","has-post-thumbnail","hentry"],"_links":{"self":[{"href":"https:\/\/aso-labor.de\/en\/wp-json\/wp\/v2\/pages\/37099","targetHints":{"allow":["GET"]}}],"collection":[{"href":"https:\/\/aso-labor.de\/en\/wp-json\/wp\/v2\/pages"}],"about":[{"href":"https:\/\/aso-labor.de\/en\/wp-json\/wp\/v2\/types\/page"}],"author":[{"embeddable":true,"href":"https:\/\/aso-labor.de\/en\/wp-json\/wp\/v2\/users\/1"}],"replies":[{"embeddable":true,"href":"https:\/\/aso-labor.de\/en\/wp-json\/wp\/v2\/comments?post=37099"}],"version-history":[{"count":3,"href":"https:\/\/aso-labor.de\/en\/wp-json\/wp\/v2\/pages\/37099\/revisions"}],"predecessor-version":[{"id":45758,"href":"https:\/\/aso-labor.de\/en\/wp-json\/wp\/v2\/pages\/37099\/revisions\/45758"}],"wp:featuredmedia":[{"embeddable":true,"href":"https:\/\/aso-labor.de\/en\/wp-json\/wp\/v2\/media\/37071"}],"wp:attachment":[{"href":"https:\/\/aso-labor.de\/en\/wp-json\/wp\/v2\/media?parent=37099"}],"curies":[{"name":"wp","href":"https:\/\/api.w.org\/{rel}","templated":true}]}}